{"id":15,"date":"2024-11-26T06:34:39","date_gmt":"2024-11-26T06:34:39","guid":{"rendered":"https:\/\/aretsnybyggare.se\/?page_id=15"},"modified":"2025-06-11T04:45:02","modified_gmt":"2025-06-11T04:45:02","slug":"om-oss-about-us","status":"publish","type":"page","link":"https:\/\/aretsnybyggare.se\/sv\/om-oss-about-us\/","title":{"rendered":"Om Oss (About Us)"},"content":{"rendered":"<div style=\"height:130px\" aria-hidden=\"true\" class=\"wp-block-spacer header-spacer\"><\/div>\n\n\n\n<figure class=\"wp-block-image size-full nom-image-class-cover\"><img loading=\"lazy\" decoding=\"async\" width=\"2560\" height=\"1190\" src=\"https:\/\/aretsnybyggare.se\/wp-content\/uploads\/2025\/02\/Arets-Nybyggare-20231121-130A2907-v2-1-scaled.jpg\" alt=\"\" class=\"wp-image-4036\" srcset=\"https:\/\/aretsnybyggare.se\/wp-content\/uploads\/2025\/02\/Arets-Nybyggare-20231121-130A2907-v2-1-scaled.jpg 2560w, https:\/\/aretsnybyggare.se\/wp-content\/uploads\/2025\/02\/Arets-Nybyggare-20231121-130A2907-v2-1-300x139.jpg 300w, https:\/\/aretsnybyggare.se\/wp-content\/uploads\/2025\/02\/Arets-Nybyggare-20231121-130A2907-v2-1-1024x476.jpg 1024w, https:\/\/aretsnybyggare.se\/wp-content\/uploads\/2025\/02\/Arets-Nybyggare-20231121-130A2907-v2-1-768x357.jpg 768w, https:\/\/aretsnybyggare.se\/wp-content\/uploads\/2025\/02\/Arets-Nybyggare-20231121-130A2907-v2-1-1536x714.jpg 1536w, https:\/\/aretsnybyggare.se\/wp-content\/uploads\/2025\/02\/Arets-Nybyggare-20231121-130A2907-v2-1-2048x952.jpg 2048w, https:\/\/aretsnybyggare.se\/wp-content\/uploads\/2025\/02\/Arets-Nybyggare-20231121-130A2907-v2-1-18x8.jpg 18w\" sizes=\"(max-width: 2560px) 100vw, 2560px\" \/><\/figure>\n\n\n\n<div class=\"wp-block-group border-bottom-line sections-padding remove-default-padding\"><div class=\"wp-block-group__inner-container is-layout-constrained wp-block-group-is-layout-constrained\">\n<div class=\"wp-block-group remove-default-padding dummy-class\" style=\"font-size:22px;font-style:normal;font-weight:300\"><div class=\"wp-block-group__inner-container is-layout-constrained wp-block-group-is-layout-constrained\">\n<h2 class=\"wp-block-heading has-text-align-center remove-default-padding-heading common-section-headings\" style=\"font-size:42px\">H.M. Kung Carl XVI Gustafs pris \u00c5rets Nybyggare<\/h2>\n\n\n\n<div style=\"height:12px\" aria-hidden=\"true\" class=\"wp-block-spacer\"><\/div>\n\n\n\n<p class=\"remove-default-padding-para common-paragraph\">\u00c5rligen arrangerar H.M. Kung Carl XVI Gustafs pris \u00c5rets Nybyggare p\u00e5 Kungliga Slottet f\u00f6r att premiera duktiga entrepren\u00f6rer med utl\u00e4ndsk bakgrund. Med priset vill vi hedra, hylla och synligg\u00f6ra f\u00f6retagare med utl\u00e4ndsk bakgrund och \u00f6ka intresset f\u00f6r entrepren\u00f6rskap.<br><br>Priset ska visa p\u00e5 goda f\u00f6rebilder, inspirera och visa hur entrepren\u00f6rer med utl\u00e4ndsk bakgrund framg\u00e5ngsrikt har lyckats med sitt f\u00f6retagande i Sverige.<\/p>\n<\/div><\/div>\n<\/div><\/div>\n\n\n\n<div class=\"wp-block-group border-bottom-line sections-padding remove-default-padding\"><div class=\"wp-block-group__inner-container is-layout-constrained wp-block-group-is-layout-constrained\">\n<div class=\"wp-block-group remove-default-padding dummy-class\" style=\"font-size:22px;font-style:normal;font-weight:300\"><div class=\"wp-block-group__inner-container is-layout-constrained wp-block-group-is-layout-constrained\">\n<h2 class=\"wp-block-heading has-text-align-center common-section-headings\" style=\"font-size:42px\">Om Stiftelsen IFS<\/h2>\n\n\n\n<div style=\"height:12px\" aria-hidden=\"true\" class=\"wp-block-spacer\"><\/div>\n\n\n\n<p class=\"remove-default-padding-para has-text-align-center common-paragraph\">Stiftelsen IFS (Internationella f\u00f6retagare i Sverige) har sedan 1996 st\u00f6ttat entrepren\u00f6rer och f\u00f6retagare med utl\u00e4ndsk bakgrund att driva och utveckla f\u00f6retag. Stiftelsen verkar ocks\u00e5 f\u00f6r att s\u00e4kerst\u00e4lla gynnsamma f\u00f6ruts\u00e4ttningar f\u00f6r f\u00f6retagare med utl\u00e4ndsk bakgrund samt initiera n\u00e4tverksm\u00f6jligheter mellan f\u00f6retagare.\n<\/p>\n<\/div><\/div>\n<\/div><\/div>\n\n\n\n<div class=\"wp-block-group remove-default-padding about-group-padding-mobile about-last-section\"><div class=\"wp-block-group__inner-container is-layout-constrained wp-block-group-is-layout-constrained\">\n<div style=\"height:118px\" aria-hidden=\"true\" class=\"wp-block-spacer\"><\/div>\n\n\n\n<h2 class=\"wp-block-heading has-text-align-center common-section-headings tab-h-padding\" style=\"font-size:42px\">Stiftelsen beslutande organ<\/h2>\n\n\n\n<div style=\"height:27px\" aria-hidden=\"true\" class=\"wp-block-spacer\"><\/div>\n\n\n\n<section class=\"wp-block-group about-group-padding nomineringskommitteer-main-sections\"><div class=\"wp-block-group__inner-container is-layout-constrained wp-block-group-is-layout-constrained\">\n<div class=\"wp-block-columns nomineeringprocess-grid nomineringskommitteer-sections is-layout-flex wp-container-core-columns-is-layout-1 wp-block-columns-is-layout-flex\">\n<div class=\"wp-block-column is-layout-flow wp-block-column-is-layout-flow\">\n<h3 class=\"wp-block-heading set-margin nomineering-subheading\" style=\"font-size:14px\">Ordf\u00f6rande Peje Emilsson<\/h3>\n\n\n\n<p class=\"nominering-content\" style=\"font-size:13px;font-style:normal;font-weight:300\">Grundare av Kreab International AB och Kunskapsskolan AB<\/p>\n<\/div>\n\n\n\n<div class=\"wp-block-column is-layout-flow wp-block-column-is-layout-flow\">\n<h3 class=\"wp-block-heading set-margin nomineering-subheading\" style=\"font-size:14px\">Rafael Bermejo<\/h3>\n\n\n\n<p class=\"nominering-content\" style=\"font-size:13px;font-style:normal;font-weight:300\">Grundare av Stiftelsen IFS och \u00c5rets Nybyggare<\/p>\n<\/div>\n\n\n\n<div class=\"wp-block-column is-layout-flow wp-block-column-is-layout-flow\">\n<h3 class=\"wp-block-heading set-margin nomineering-subheading\" style=\"font-size:14px\">Alireza Etemad<\/h3>\n\n\n\n<p class=\"nominering-content\" style=\"font-size:13px;font-style:normal;font-weight:300\">Ordf\u00f6rande och grundare av Etemad Group<\/p>\n<\/div>\n<\/div>\n\n\n\n<div class=\"wp-block-columns nomineeringprocess-grid nomineringskommitteer-sections is-layout-flex wp-container-core-columns-is-layout-2 wp-block-columns-is-layout-flex\">\n<div class=\"wp-block-column is-layout-flow wp-block-column-is-layout-flow\">\n<h3 class=\"wp-block-heading set-margin nomineering-subheading\" style=\"font-size:14px\">Mika Burman G\u00f6tz<\/h3>\n\n\n\n<p class=\"nominering-content\" style=\"font-size:13px;font-style:normal;font-weight:300\">Head Retail Banking SEB<\/p>\n<\/div>\n\n\n\n<div class=\"wp-block-column is-layout-flow wp-block-column-is-layout-flow\">\n<h3 class=\"wp-block-heading set-margin nomineering-subheading\" style=\"font-size:14px\">Laura Sprechmann<\/h3>\n\n\n\n<p class=\"nominering-content\" style=\"font-size:13px;font-style:normal;font-weight:300\">Konsult och f.d. Vd Nobel Prize Outreach<\/p>\n<\/div>\n\n\n\n<div class=\"wp-block-column is-layout-flow wp-block-column-is-layout-flow\">\n<h3 class=\"wp-block-heading set-margin nomineering-subheading\" style=\"font-size:14px\">Jan Dernestam<\/h3>\n\n\n\n<p class=\"nominering-content\" style=\"font-size:13px;font-style:normal;font-weight:300\">Managing Partner p\u00e5<br>Mannheimer Swartling Advokatbyr\u00e5<\/p>\n<\/div>\n<\/div>\n\n\n\n<div class=\"wp-block-columns nomineeringprocess-grid nomineringskommitteer-sections is-layout-flex wp-container-core-columns-is-layout-3 wp-block-columns-is-layout-flex\">\n<div class=\"wp-block-column is-layout-flow wp-block-column-is-layout-flow\">\n<h3 class=\"wp-block-heading set-margin nomineering-subheading\" style=\"font-size:14px\">Michel Barmoro<\/h3>\n\n\n\n<p class=\"nominering-content\" style=\"font-size:13px;font-style:normal;font-weight:300\">Advokat, Andersson &amp; Barmoro Advokatbyr\u00e5<\/p>\n<\/div>\n\n\n\n<div class=\"wp-block-column is-layout-flow wp-block-column-is-layout-flow\"><\/div>\n\n\n\n<div class=\"wp-block-column is-layout-flow wp-block-column-is-layout-flow\"><\/div>\n<\/div>\n\n\n\n<div style=\"height:51px\" aria-hidden=\"true\" class=\"wp-block-spacer\"><\/div>\n<\/div><\/section>\n<\/div><\/div>","protected":false},"excerpt":{"rendered":"<p>H.M. King Carl XVI Gustaf&#8217;s Award \u2013 \u00c5rets Nybyggare of the Year Each year, H.M. King Carl XVI Gustaf&#8217;s Entrepreneur of the Year award ceremony is held at the Royal Palace to honor talented entrepreneurs with foreign backgrounds. Through this award, we aim to celebrate, recognize, and spotlight entrepreneurs with immigrant backgrounds while fostering greater &#8230; <a title=\"Om Oss (About Us)\" class=\"read-more\" href=\"https:\/\/aretsnybyggare.se\/sv\/om-oss-about-us\/\" aria-label=\"L\u00e4s mer om Om Oss (About Us)\">L\u00e4s mer<\/a><\/p>","protected":false},"author":1,"featured_media":0,"parent":0,"menu_order":0,"comment_status":"closed","ping_status":"closed","template":"","meta":{"footnotes":""},"class_list":["post-15","page","type-page","status-publish"],"_links":{"self":[{"href":"https:\/\/aretsnybyggare.se\/sv\/wp-json\/wp\/v2\/pages\/15"}],"collection":[{"href":"https:\/\/aretsnybyggare.se\/sv\/wp-json\/wp\/v2\/pages"}],"about":[{"href":"https:\/\/aretsnybyggare.se\/sv\/wp-json\/wp\/v2\/types\/page"}],"author":[{"embeddable":true,"href":"https:\/\/aretsnybyggare.se\/sv\/wp-json\/wp\/v2\/users\/1"}],"replies":[{"embeddable":true,"href":"https:\/\/aretsnybyggare.se\/sv\/wp-json\/wp\/v2\/comments?post=15"}],"version-history":[{"count":1,"href":"https:\/\/aretsnybyggare.se\/sv\/wp-json\/wp\/v2\/pages\/15\/revisions"}],"predecessor-version":[{"id":4197,"href":"https:\/\/aretsnybyggare.se\/sv\/wp-json\/wp\/v2\/pages\/15\/revisions\/4197"}],"wp:attachment":[{"href":"https:\/\/aretsnybyggare.se\/sv\/wp-json\/wp\/v2\/media?parent=15"}],"curies":[{"name":"wp","href":"https:\/\/api.w.org\/{rel}","templated":true}]}}