{"id":3728,"date":"2025-02-20T03:38:31","date_gmt":"2025-02-20T03:38:31","guid":{"rendered":"https:\/\/aretsnybyggare.se\/?page_id=3728"},"modified":"2026-02-12T03:57:18","modified_gmt":"2026-02-12T03:57:18","slug":"arets-pionjar","status":"publish","type":"page","link":"https:\/\/aretsnybyggare.se\/sv\/arets-pionjar\/","title":{"rendered":"\u00c5rets Pionj\u00e4r"},"content":{"rendered":"<div style=\"height:130px\" aria-hidden=\"true\" class=\"wp-block-spacer header-spacer\"><\/div>\n\n\n\n<figure class=\"wp-block-image size-full nom-image-class-cover\"><img loading=\"lazy\" decoding=\"async\" width=\"2003\" height=\"1341\" src=\"https:\/\/aretsnybyggare.se\/wp-content\/uploads\/2026\/02\/H.M.K.-Lauriates.png\" alt=\"\" class=\"wp-image-4271\" srcset=\"https:\/\/aretsnybyggare.se\/wp-content\/uploads\/2026\/02\/H.M.K.-Lauriates.png 2003w, https:\/\/aretsnybyggare.se\/wp-content\/uploads\/2026\/02\/H.M.K.-Lauriates-300x201.png 300w, https:\/\/aretsnybyggare.se\/wp-content\/uploads\/2026\/02\/H.M.K.-Lauriates-1024x686.png 1024w, https:\/\/aretsnybyggare.se\/wp-content\/uploads\/2026\/02\/H.M.K.-Lauriates-768x514.png 768w, https:\/\/aretsnybyggare.se\/wp-content\/uploads\/2026\/02\/H.M.K.-Lauriates-1536x1028.png 1536w, https:\/\/aretsnybyggare.se\/wp-content\/uploads\/2026\/02\/H.M.K.-Lauriates-18x12.png 18w\" sizes=\"(max-width: 2003px) 100vw, 2003px\" \/><\/figure>\n\n\n\n<div class=\"wp-block-group remove-default-padding about-group-padding-mobile about-last-section\"><div class=\"wp-block-group__inner-container is-layout-constrained wp-block-group-is-layout-constrained\">\n<div style=\"height:118px\" aria-hidden=\"true\" class=\"wp-block-spacer\"><\/div>\n\n\n\n<h2 class=\"wp-block-heading has-text-align-center common-section-headings tab-h-padding\">\u00c5rets Pionj\u00e4r<\/h2>\n\n\n\n<div style=\"height:100px\" aria-hidden=\"true\" class=\"wp-block-spacer\"><\/div>\n\n\n\n<div class=\"wp-block-group\"><div class=\"wp-block-group__inner-container is-layout-constrained wp-block-group-is-layout-constrained\">\n<div class=\"wp-block-columns is-layout-flex wp-container-core-columns-is-layout-1 wp-block-columns-is-layout-flex\">\n<div class=\"wp-block-column pion-div is-layout-flow wp-block-column-is-layout-flow\">\n<h4 class=\"wp-block-heading has-text-align-center\"><strong>2024<\/strong><\/h4>\n\n\n\n<h3 class=\"wp-block-heading has-text-align-center\">Move &amp; Walk Sverige AB<\/h3>\n\n\n\n<p class=\"has-text-align-center\">Eszter Horvath Tothne<\/p>\n<\/div>\n\n\n\n<div class=\"wp-block-column pion-div is-layout-flow wp-block-column-is-layout-flow\">\n<h4 class=\"wp-block-heading has-text-align-center\"><strong>2023<\/strong><\/h4>\n\n\n\n<h3 class=\"wp-block-heading has-text-align-center\">AtrimusRx AB<\/h3>\n\n\n\n<p class=\"has-text-align-center\">Nicky Nadem<\/p>\n<\/div>\n\n\n\n<div class=\"wp-block-column pion-div is-layout-flow wp-block-column-is-layout-flow\">\n<h4 class=\"wp-block-heading has-text-align-center\"><strong>2022<\/strong><\/h4>\n\n\n\n<h3 class=\"wp-block-heading has-text-align-center\">Gordon Services AB<\/h3>\n\n\n\n<p class=\"has-text-align-center\">Ali Ghoce<\/p>\n<\/div>\n<\/div>\n\n\n\n<div class=\"wp-block-columns pion-div is-layout-flex wp-container-core-columns-is-layout-2 wp-block-columns-is-layout-flex\">\n<div class=\"wp-block-column pion-div is-layout-flow wp-block-column-is-layout-flow\">\n<h4 class=\"wp-block-heading has-text-align-center\"><strong>2021<\/strong><\/h4>\n\n\n\n<h3 class=\"wp-block-heading has-text-align-center\">Truecaller AB<\/h3>\n\n\n\n<p class=\"has-text-align-center\">Nami Zarringhalam &amp; Allan<\/p>\n<\/div>\n\n\n\n<div class=\"wp-block-column pion-div is-layout-flow wp-block-column-is-layout-flow\">\n<h4 class=\"wp-block-heading has-text-align-center\">2020<\/h4>\n\n\n\n<h3 class=\"wp-block-heading has-text-align-center\">Jurek AB<\/h3>\n\n\n\n<p class=\"has-text-align-center\">Shervin Rasani<\/p>\n<\/div>\n\n\n\n<div class=\"wp-block-column pion-div is-layout-flow wp-block-column-is-layout-flow\">\n<h4 class=\"wp-block-heading has-text-align-center\">2019<\/h4>\n\n\n\n<h3 class=\"wp-block-heading has-text-align-center\">BackingMinds Invest AB<\/h3>\n\n\n\n<p class=\"has-text-align-center\">Susanne Najafi<\/p>\n<\/div>\n<\/div>\n\n\n\n<div class=\"wp-block-columns is-layout-flex wp-container-core-columns-is-layout-3 wp-block-columns-is-layout-flex\">\n<div class=\"wp-block-column pion-div is-layout-flow wp-block-column-is-layout-flow\">\n<h4 class=\"wp-block-heading has-text-align-center\">2018<\/h4>\n\n\n\n<h3 class=\"wp-block-heading has-text-align-center\">Cellink AB<\/h3>\n\n\n\n<p class=\"has-text-align-center\">Hector Martinez<\/p>\n<\/div>\n\n\n\n<div class=\"wp-block-column pion-div is-layout-flow wp-block-column-is-layout-flow\">\n<h4 class=\"wp-block-heading has-text-align-center\">2017<\/h4>\n\n\n\n<h3 class=\"wp-block-heading has-text-align-center\">System Verification AB<\/h3>\n\n\n\n<p class=\"has-text-align-center\">Hamdija Jusufagic<\/p>\n<\/div>\n\n\n\n<div class=\"wp-block-column pion-div is-layout-flow wp-block-column-is-layout-flow\">\n<h4 class=\"wp-block-heading has-text-align-center\">2016<\/h4>\n\n\n\n<h3 class=\"wp-block-heading has-text-align-center\">MRG Wines AB<\/h3>\n\n\n\n<p class=\"has-text-align-center\">Moa Gurbuzer<\/p>\n<\/div>\n<\/div>\n\n\n\n<div class=\"wp-block-columns is-layout-flex wp-container-core-columns-is-layout-4 wp-block-columns-is-layout-flex\">\n<div class=\"wp-block-column pion-div is-layout-flow wp-block-column-is-layout-flow\">\n<h4 class=\"wp-block-heading has-text-align-center\">2015<\/h4>\n\n\n\n<h3 class=\"wp-block-heading has-text-align-center\">Ozonetech<\/h3>\n\n\n\n<p class=\"has-text-align-center\">Behrang Gilanpours<\/p>\n<\/div>\n\n\n\n<div class=\"wp-block-column pion-div is-layout-flow wp-block-column-is-layout-flow\">\n<h4 class=\"wp-block-heading has-text-align-center\">2014<\/h4>\n\n\n\n<h3 class=\"wp-block-heading has-text-align-center\">Dohi Sweden AB<\/h3>\n\n\n\n<p class=\"has-text-align-center\">Emanuel Dohi<\/p>\n<\/div>\n\n\n\n<div class=\"wp-block-column pion-div is-layout-flow wp-block-column-is-layout-flow\">\n<h4 class=\"wp-block-heading has-text-align-center\">2013<\/h4>\n\n\n\n<h3 class=\"wp-block-heading has-text-align-center\">OzoneTech<\/h3>\n\n\n\n<p class=\"has-text-align-center\">Behrang Gilanpour<\/p>\n<\/div>\n<\/div>\n\n\n\n<div class=\"wp-block-columns is-layout-flex wp-container-core-columns-is-layout-5 wp-block-columns-is-layout-flex\">\n<div class=\"wp-block-column pion-div is-layout-flow wp-block-column-is-layout-flow\">\n<h4 class=\"wp-block-heading has-text-align-center\">2012<\/h4>\n\n\n\n<h3 class=\"wp-block-heading has-text-align-center\">Orsa Lamelltr\u00e4 AB<\/h3>\n\n\n\n<p class=\"has-text-align-center\">Mara Maric<\/p>\n<\/div>\n\n\n\n<div class=\"wp-block-column pion-div is-layout-flow wp-block-column-is-layout-flow\">\n<h4 class=\"wp-block-heading has-text-align-center\">2011<\/h4>\n\n\n\n<h3 class=\"wp-block-heading has-text-align-center\">Sales Competence Sweden AB<\/h3>\n\n\n\n<p class=\"has-text-align-center\">Vasilios Zoupounidis<\/p>\n<\/div>\n\n\n\n<div class=\"wp-block-column pion-div is-layout-flow wp-block-column-is-layout-flow\">\n<h4 class=\"wp-block-heading has-text-align-center\">2010<\/h4>\n\n\n\n<h3 class=\"wp-block-heading has-text-align-center\">Serendipity Innovations<\/h3>\n\n\n\n<p class=\"has-text-align-center\">Saeid Esmaeilzade, Ashkan Pouya<\/p>\n<\/div>\n<\/div>\n<\/div><\/div>\n<\/div><\/div>","protected":false},"excerpt":{"rendered":"<p>\u00c5rets Pionj\u00e4r 2024 Move &amp; Walk Sverige AB Eszter Horvath Tothne 2023 AtrimusRx AB Nicky Nadem 2022 Gordon Services AB Ali Ghoce 2021 Truecaller AB Nami Zarringhalam &amp; Allan 2020 Jurek AB Shervin Rasani 2019 BackingMinds Invest AB Susanne Najafi 2018 Cellink AB Hector Martinez 2017 System Verification AB Hamdija Jusufagic 2016 MRG Wines AB &#8230; <a title=\"\u00c5rets Pionj\u00e4r\" class=\"read-more\" href=\"https:\/\/aretsnybyggare.se\/sv\/arets-pionjar\/\" aria-label=\"L\u00e4s mer om \u00c5rets Pionj\u00e4r\">L\u00e4s mer<\/a><\/p>","protected":false},"author":4,"featured_media":0,"parent":0,"menu_order":0,"comment_status":"closed","ping_status":"closed","template":"","meta":{"footnotes":""},"class_list":["post-3728","page","type-page","status-publish"],"_links":{"self":[{"href":"https:\/\/aretsnybyggare.se\/sv\/wp-json\/wp\/v2\/pages\/3728"}],"collection":[{"href":"https:\/\/aretsnybyggare.se\/sv\/wp-json\/wp\/v2\/pages"}],"about":[{"href":"https:\/\/aretsnybyggare.se\/sv\/wp-json\/wp\/v2\/types\/page"}],"author":[{"embeddable":true,"href":"https:\/\/aretsnybyggare.se\/sv\/wp-json\/wp\/v2\/users\/4"}],"replies":[{"embeddable":true,"href":"https:\/\/aretsnybyggare.se\/sv\/wp-json\/wp\/v2\/comments?post=3728"}],"version-history":[{"count":1,"href":"https:\/\/aretsnybyggare.se\/sv\/wp-json\/wp\/v2\/pages\/3728\/revisions"}],"predecessor-version":[{"id":4291,"href":"https:\/\/aretsnybyggare.se\/sv\/wp-json\/wp\/v2\/pages\/3728\/revisions\/4291"}],"wp:attachment":[{"href":"https:\/\/aretsnybyggare.se\/sv\/wp-json\/wp\/v2\/media?parent=3728"}],"curies":[{"name":"wp","href":"https:\/\/api.w.org\/{rel}","templated":true}]}}